{"id":9388,"date":"2020-12-15T22:06:45","date_gmt":"2020-12-15T22:06:45","guid":{"rendered":"https:\/\/centretoussaint.com\/?page_id=9388"},"modified":"2020-12-16T22:14:01","modified_gmt":"2020-12-16T22:14:01","slug":"conditions-generales","status":"publish","type":"page","link":"https:\/\/centretoussaint.com\/ht\/kondisyon-jeneral\/","title":{"rendered":"Kondisyon jeneral yo"},"content":{"rendered":"<p><div class=\"fusion-fullwidth fullwidth-box fusion-builder-row-1 nonhundred-percent-fullwidth non-hundred-percent-height-scrolling\" style=\"background-color: rgba(255,255,255,0);background-position: center center;background-repeat: no-repeat;padding-top:100px;padding-right:120px;padding-bottom:15px;padding-left:120px;margin-bottom: -15px;margin-top: 0px;border-width: 0px 0px 0px 0px;border-color:#eae9e9;border-style:solid;\" ><div class=\"fusion-builder-row fusion-row\"><div class=\"fusion-layout-column fusion_builder_column fusion-builder-column-0 fusion_builder_column_1_1 1_1 fusion-one-full fusion-column-first fusion-column-last\" style=\"margin-top:0px;margin-bottom:20px;\"><div class=\"fusion-column-wrapper fusion-flex-column-wrapper-legacy\" style=\"background-position:left top;background-repeat:no-repeat;-webkit-background-size:cover;-moz-background-size:cover;-o-background-size:cover;background-size:cover;padding: 0px 0px 0px 0px;\"><div class=\"fusion-sep-clear\"><\/div><div class=\"fusion-separator fusion-full-width-sep\" style=\"margin-left: auto;margin-right: auto;width:100%;\"><\/div><div class=\"fusion-sep-clear\"><\/div><div class=\"fusion-clearfix\"><\/div><\/div><\/div><\/div><\/div><div class=\"fusion-bg-parallax\" data-bg-align=\"center center\" data-direction=\"down\" data-mute=\"false\" data-opacity=\"100\" data-velocity=\"-0.1\" data-mobile-enabled=\"true\" data-break_parents=\"0\" data-bg-image=\"https:\/\/centretoussaint.com\/wp-content\/uploads\/2020\/12\/centre-toussaint-terms-and-conditions.jpg\" data-bg-repeat=\"false\" ><\/div><div class=\"fusion-fullwidth fullwidth-box fusion-builder-row-2 fusion-parallax-down nonhundred-percent-fullwidth non-hundred-percent-height-scrolling\" style=\"background-color: rgba(255,255,255,0);background-image: url(&quot;https:\/\/centretoussaint.com\/wp-content\/uploads\/2020\/12\/centre-toussaint-terms-and-conditions.jpg&quot;);background-position: center center;background-repeat: no-repeat;padding-top:100px;padding-right:120px;padding-bottom:100px;padding-left:120px;margin-bottom: -15px;margin-top: 0px;border-width: 0px 0px 0px 0px;border-color:#eae9e9;border-style:solid;-webkit-background-size:cover;-moz-background-size:cover;-o-background-size:cover;background-size:cover;\" ><div class=\"fusion-builder-row fusion-row\"><div class=\"fusion-layout-column fusion_builder_column fusion-builder-column-1 fusion_builder_column_1_1 1_1 fusion-one-full fusion-column-first fusion-column-last\" style=\"margin-top:0px;margin-bottom:20px;\"><div class=\"fusion-column-wrapper fusion-flex-column-wrapper-legacy\" style=\"background-position:left top;background-repeat:no-repeat;-webkit-background-size:cover;-moz-background-size:cover;-o-background-size:cover;background-size:cover;padding: 0px 0px 0px 0px;\"><div class=\"fusion-sep-clear\"><\/div><div class=\"fusion-separator fusion-full-width-sep\" style=\"margin-left: auto;margin-right: auto;margin-top:200px;margin-bottom:200px;width:100%;\"><\/div><div class=\"fusion-sep-clear\"><\/div><div class=\"fusion-clearfix\"><\/div><\/div><\/div><\/div><\/div><div class=\"fusion-fullwidth fullwidth-box fusion-builder-row-3 nonhundred-percent-fullwidth non-hundred-percent-height-scrolling\" style=\"background-color: #ffffff;background-position: center center;background-repeat: no-repeat;padding-top:-20px;padding-right:0px;padding-bottom:0px;padding-left:0px;margin-bottom: 0px;margin-top: 0px;border-width: 20 0px 0px 0px;border-color:rgba(234,233,233,0);border-style:solid;\" ><div class=\"fusion-builder-row fusion-row\"><div class=\"fusion-layout-column fusion_builder_column fusion-builder-column-2 fusion_builder_column_1_1 1_1 fusion-one-full fusion-column-first fusion-column-last\" style=\"margin-top:0px;margin-bottom:20px;\"><div class=\"fusion-column-wrapper fusion-flex-column-wrapper-legacy\" style=\"background-position:left top;background-repeat:no-repeat;-webkit-background-size:cover;-moz-background-size:cover;-o-background-size:cover;background-size:cover;padding: 0px 10% 0px 10%;\"><div class=\"fusion-text fusion-text-1\"><h2><\/h2>\n<h2 style=\"text-align: center;\"><span style=\"font-size: 180%;\">KONDISYON JENERAL YO<\/span><\/h2>\n<\/div><div class=\"fusion-sep-clear\"><\/div><div class=\"fusion-separator fusion-full-width-sep\" style=\"margin-left: auto;margin-right: auto;margin-bottom:30px;width:100%;\"><div class=\"fusion-separator-border sep-single sep-solid\" style=\"border-color:#333c4e;border-top-width:1px;\"><\/div><\/div><div class=\"fusion-sep-clear\"><\/div><div class=\"fusion-text fusion-text-2\"><p>Nou swete ou byen veni sou sit ent\u00e8n\u00e8t nou an. Anba a, ou ap jwenn t\u00e8m ak kondisyon ke ou dak\u00f2 swiv pandan ou ap navige sou sit ent\u00e8n\u00e8t nou an. Chak fwa ke ou w\u00e8 mo \u00ab nou \u00bb, \u00abwww.centretoussaint.com\u00bb ak \u00abCentre Toussaint\u00bb se de Centre Toussaint an ke nou ap pale. Chak fwa ke ou w\u00e8 mo \u00ab ou menm \u00bb, \u00ab nou \u00bb, \u00ab ou \u00bb, ak \u00ab kliyant\u00e8l la \u00bb nap pale de ou menm ki se yon kliyant\u00e8l posib pou pwodwi ak s\u00e8vis nou yo.<\/p>\n<h3>Pwopriyete entelekty\u00e8l<\/h3>\n<p>Nap site tout enf\u00f2masyon ki sou sit nou an e ke nou pa posede pou nou ka respekte moun ki kreye enf\u00f2masyon sa yo ak pwopriyete entelekty\u00e8l li. Nou atann nou a se ke tout moun ki pataje kontni sit Centre la f\u00e8 yon referans kl\u00e8 ak dir\u00e8k de Centre Toussaint an, ke se swa a trav\u00e8 logo nou an, lyen sit ent\u00e8n\u00e8t nou an, idantifyan sosyal nou yo, elatriye.<\/p>\n<h3>Lyen pou direksyon sous ekst\u00e8n<\/h3>\n<p>Sit la ka gen lyen ent\u00e8n\u00e8t ekst\u00e8n ki pa di tou sou kontr\u00f2l Centre Toussaint. Pout\u00e8t sa nou pap ka responsab de kontni yo ak kondisyon jeneral yo. An menm tan, nou pa responsab, dir\u00e8kteman ou endir\u00e8kteman de nenp\u00f2t domaj ou p\u00e8t ki ta rive oubyen aparans p\u00e8t ki ta rive pa ou an relasyon ak itilizasyon oubyen konfians nan kontni sit sa yo, byen oswa s\u00e8vis ki disponib sou oubyen atrav\u00e8 sit ent\u00e8n\u00e8t sa yo oswa s\u00e8vis yo.<\/p>\n<h3>Modifikasyon<\/h3>\n<p>Nou res\u00e8ve dwa nou pou nou modifye oubyen ranplase kondisyon jeneral sa yo nenp\u00f2t ki l\u00e8. Pou nenp\u00f2t gwo revizyon enp\u00f2tan, li posib ke nou mete yon preavi sou sit nou an davans. Se sel noumenm ki ka deside kisa ki konsidere k\u00f2m yon chanjman enp\u00f2tan ou non.<\/p>\n<h3>Met\u00f2d p\u00e8yman<\/h3>\n<p>Nenp\u00f2t p\u00e8yman sou sit ent\u00e8n\u00e8t nou an ka f\u00e8t via PayPal, av\u00e8k yon kat de debi oubyen de kredi. Ou ap beswen pran yon randevou av\u00e8k nou si ou vle peye yon pwodwi oubyen yon s\u00e8vis  nan sa nou ofri yo ak lajan kach.<\/p>\n<h3>Kontak<\/h3>\n<p>Si ou vle poze nenp\u00f2t kesyon, ou ka kontakte nou nan lyen yo mansyone yo nan pati anba paj la<\/p>\n<\/div><div class=\"fusion-clearfix\"><\/div><\/div><\/div><\/div><\/div><\/p>","protected":false},"excerpt":{"rendered":"","protected":false},"author":2,"featured_media":9389,"parent":0,"menu_order":0,"comment_status":"closed","ping_status":"closed","template":"100-width.php","meta":{"footnotes":""},"class_list":["post-9388","page","type-page","status-publish","has-post-thumbnail","hentry"],"yoast_head":"<!-- This site is optimized with the Yoast SEO plugin v26.8 - https:\/\/yoast.com\/product\/yoast-seo-wordpress\/ -->\n<title>Conditions g\u00e9n\u00e9rales | CENTRE TOUSSAINT<\/title>\n<meta name=\"description\" content=\"On te souhaite la bienvenue sur notre site internet. Tu trouveras les termes et conditions auxquels tu consens \u00e0 suivre en naviguant ici.\" \/>\n<meta name=\"robots\" content=\"index, follow, max-snippet:-1, max-image-preview:large, max-video-preview:-1\" \/>\n<link rel=\"canonical\" href=\"https:\/\/centretoussaint.com\/ht\/conditions-generales\/\" \/>\n<meta property=\"og:locale\" content=\"ht_HT\" \/>\n<meta property=\"og:type\" content=\"article\" \/>\n<meta property=\"og:title\" content=\"Conditions g\u00e9n\u00e9rales | CENTRE TOUSSAINT\" \/>\n<meta property=\"og:description\" content=\"On te souhaite la bienvenue sur notre site internet. Tu trouveras les termes et conditions auxquels tu consens \u00e0 suivre en naviguant ici.\" \/>\n<meta property=\"og:url\" content=\"https:\/\/centretoussaint.com\/ht\/conditions-generales\/\" \/>\n<meta property=\"og:site_name\" content=\"CENTRE TOUSSAINT\" \/>\n<meta property=\"article:modified_time\" content=\"2020-12-16T22:14:01+00:00\" \/>\n<meta property=\"og:image\" content=\"https:\/\/centretoussaint.com\/wp-content\/uploads\/2020\/12\/centre-toussaint-terms-and-conditions.jpg\" \/>\n\t<meta property=\"og:image:width\" content=\"1920\" \/>\n\t<meta property=\"og:image:height\" content=\"1272\" \/>\n\t<meta property=\"og:image:type\" content=\"image\/jpeg\" \/>\n<meta name=\"twitter:card\" content=\"summary_large_image\" \/>\n<meta name=\"twitter:label1\" content=\"Est. reading time\" \/>\n\t<meta name=\"twitter:data1\" content=\"9 minutes\" \/>\n<script type=\"application\/ld+json\" class=\"yoast-schema-graph\">{\"@context\":\"https:\/\/schema.org\",\"@graph\":[{\"@type\":\"WebPage\",\"@id\":\"https:\/\/centretoussaint.com\/conditions-generales\/\",\"url\":\"https:\/\/centretoussaint.com\/conditions-generales\/\",\"name\":\"Conditions g\u00e9n\u00e9rales | CENTRE TOUSSAINT\",\"isPartOf\":{\"@id\":\"https:\/\/centretoussaint.com\/ht\/#website\"},\"primaryImageOfPage\":{\"@id\":\"https:\/\/centretoussaint.com\/conditions-generales\/#primaryimage\"},\"image\":{\"@id\":\"https:\/\/centretoussaint.com\/conditions-generales\/#primaryimage\"},\"thumbnailUrl\":\"https:\/\/centretoussaint.com\/wp-content\/uploads\/2020\/12\/centre-toussaint-terms-and-conditions.jpg\",\"datePublished\":\"2020-12-15T22:06:45+00:00\",\"dateModified\":\"2020-12-16T22:14:01+00:00\",\"description\":\"On te souhaite la bienvenue sur notre site internet. Tu trouveras les termes et conditions auxquels tu consens \u00e0 suivre en naviguant ici.\",\"breadcrumb\":{\"@id\":\"https:\/\/centretoussaint.com\/conditions-generales\/#breadcrumb\"},\"inLanguage\":\"ht\",\"potentialAction\":[{\"@type\":\"ReadAction\",\"target\":[\"https:\/\/centretoussaint.com\/conditions-generales\/\"]}]},{\"@type\":\"ImageObject\",\"inLanguage\":\"ht\",\"@id\":\"https:\/\/centretoussaint.com\/conditions-generales\/#primaryimage\",\"url\":\"https:\/\/centretoussaint.com\/wp-content\/uploads\/2020\/12\/centre-toussaint-terms-and-conditions.jpg\",\"contentUrl\":\"https:\/\/centretoussaint.com\/wp-content\/uploads\/2020\/12\/centre-toussaint-terms-and-conditions.jpg\",\"width\":1920,\"height\":1272},{\"@type\":\"BreadcrumbList\",\"@id\":\"https:\/\/centretoussaint.com\/conditions-generales\/#breadcrumb\",\"itemListElement\":[{\"@type\":\"ListItem\",\"position\":1,\"name\":\"Home\",\"item\":\"https:\/\/centretoussaint.com\/\"},{\"@type\":\"ListItem\",\"position\":2,\"name\":\"Conditions g\u00e9n\u00e9rales\"}]},{\"@type\":\"WebSite\",\"@id\":\"https:\/\/centretoussaint.com\/ht\/#website\",\"url\":\"https:\/\/centretoussaint.com\/ht\/\",\"name\":\"CENTRE TOUSSAINT\",\"description\":\"Vivez pleinement\",\"potentialAction\":[{\"@type\":\"SearchAction\",\"target\":{\"@type\":\"EntryPoint\",\"urlTemplate\":\"https:\/\/centretoussaint.com\/ht\/?s={search_term_string}\"},\"query-input\":{\"@type\":\"PropertyValueSpecification\",\"valueRequired\":true,\"valueName\":\"search_term_string\"}}],\"inLanguage\":\"ht\"}]}<\/script>\n<!-- \/ Yoast SEO plugin. -->","yoast_head_json":{"title":"Kondisyon jeneral yo | CENTRE TOUSSAINT","description":"Nou swete ou byen veni sou sit ent\u00e8n\u00e8t nou an. Ou ap jwenn t\u00e8m ak kondisyon ke ou dak\u00f2 swiv pandan ou ap navige sou sit ent\u00e8n\u00e8t la kounya a la.","robots":{"index":"index","follow":"follow","max-snippet":"max-snippet:-1","max-image-preview":"max-image-preview:large","max-video-preview":"max-video-preview:-1"},"canonical":"https:\/\/centretoussaint.com\/ht\/conditions-generales\/","og_locale":"ht_HT","og_type":"article","og_title":"Conditions g\u00e9n\u00e9rales | CENTRE TOUSSAINT","og_description":"On te souhaite la bienvenue sur notre site internet. Tu trouveras les termes et conditions auxquels tu consens \u00e0 suivre en naviguant ici.","og_url":"https:\/\/centretoussaint.com\/ht\/conditions-generales\/","og_site_name":"CENTRE TOUSSAINT","article_modified_time":"2020-12-16T22:14:01+00:00","og_image":[{"width":1920,"height":1272,"url":"https:\/\/centretoussaint.com\/wp-content\/uploads\/2020\/12\/centre-toussaint-terms-and-conditions.jpg","type":"image\/jpeg"}],"twitter_card":"summary_large_image","twitter_misc":{"Est. reading time":"9 minutes"},"schema":{"@context":"https:\/\/schema.org","@graph":[{"@type":"WebPage","@id":"https:\/\/centretoussaint.com\/conditions-generales\/","url":"https:\/\/centretoussaint.com\/conditions-generales\/","name":"Kondisyon jeneral yo | CENTRE TOUSSAINT","isPartOf":{"@id":"https:\/\/centretoussaint.com\/ht\/#website"},"primaryImageOfPage":{"@id":"https:\/\/centretoussaint.com\/conditions-generales\/#primaryimage"},"image":{"@id":"https:\/\/centretoussaint.com\/conditions-generales\/#primaryimage"},"thumbnailUrl":"https:\/\/centretoussaint.com\/wp-content\/uploads\/2020\/12\/centre-toussaint-terms-and-conditions.jpg","datePublished":"2020-12-15T22:06:45+00:00","dateModified":"2020-12-16T22:14:01+00:00","description":"Nou swete ou byen veni sou sit ent\u00e8n\u00e8t nou an. Ou ap jwenn t\u00e8m ak kondisyon ke ou dak\u00f2 swiv pandan ou ap navige sou sit ent\u00e8n\u00e8t la kounya a la.","breadcrumb":{"@id":"https:\/\/centretoussaint.com\/conditions-generales\/#breadcrumb"},"inLanguage":"ht","potentialAction":[{"@type":"ReadAction","target":["https:\/\/centretoussaint.com\/conditions-generales\/"]}]},{"@type":"ImageObject","inLanguage":"ht","@id":"https:\/\/centretoussaint.com\/conditions-generales\/#primaryimage","url":"https:\/\/centretoussaint.com\/wp-content\/uploads\/2020\/12\/centre-toussaint-terms-and-conditions.jpg","contentUrl":"https:\/\/centretoussaint.com\/wp-content\/uploads\/2020\/12\/centre-toussaint-terms-and-conditions.jpg","width":1920,"height":1272},{"@type":"BreadcrumbList","@id":"https:\/\/centretoussaint.com\/conditions-generales\/#breadcrumb","itemListElement":[{"@type":"ListItem","position":1,"name":"Home","item":"https:\/\/centretoussaint.com\/"},{"@type":"ListItem","position":2,"name":"Conditions g\u00e9n\u00e9rales"}]},{"@type":"WebSite","@id":"https:\/\/centretoussaint.com\/ht\/#website","url":"https:\/\/centretoussaint.com\/ht\/","name":"CENTRE TOUSSAINT","description":"Viv konpl\u00e8tman","potentialAction":[{"@type":"SearchAction","target":{"@type":"EntryPoint","urlTemplate":"https:\/\/centretoussaint.com\/ht\/?s={search_term_string}"},"query-input":{"@type":"PropertyValueSpecification","valueRequired":true,"valueName":"search_term_string"}}],"inLanguage":"ht"}]}},"jetpack_sharing_enabled":true,"_links":{"self":[{"href":"https:\/\/centretoussaint.com\/ht\/wp-json\/wp\/v2\/pages\/9388","targetHints":{"allow":["GET"]}}],"collection":[{"href":"https:\/\/centretoussaint.com\/ht\/wp-json\/wp\/v2\/pages"}],"about":[{"href":"https:\/\/centretoussaint.com\/ht\/wp-json\/wp\/v2\/types\/page"}],"author":[{"embeddable":true,"href":"https:\/\/centretoussaint.com\/ht\/wp-json\/wp\/v2\/users\/2"}],"replies":[{"embeddable":true,"href":"https:\/\/centretoussaint.com\/ht\/wp-json\/wp\/v2\/comments?post=9388"}],"version-history":[{"count":8,"href":"https:\/\/centretoussaint.com\/ht\/wp-json\/wp\/v2\/pages\/9388\/revisions"}],"predecessor-version":[{"id":9402,"href":"https:\/\/centretoussaint.com\/ht\/wp-json\/wp\/v2\/pages\/9388\/revisions\/9402"}],"wp:featuredmedia":[{"embeddable":true,"href":"https:\/\/centretoussaint.com\/ht\/wp-json\/wp\/v2\/media\/9389"}],"wp:attachment":[{"href":"https:\/\/centretoussaint.com\/ht\/wp-json\/wp\/v2\/media?parent=9388"}],"curies":[{"name":"wp","href":"https:\/\/api.w.org\/{rel}","templated":true}]}}