{"id":9367,"date":"2020-12-15T20:32:18","date_gmt":"2020-12-15T20:32:18","guid":{"rendered":"https:\/\/centretoussaint.com\/?page_id=9367"},"modified":"2021-12-31T04:59:49","modified_gmt":"2021-12-31T08:59:49","slug":"politique-de-confidentialite","status":"publish","type":"page","link":"https:\/\/centretoussaint.com\/ht\/politik-konfidansyalite\/","title":{"rendered":"Politik konfidansyalite"},"content":{"rendered":"<p><div class=\"fusion-fullwidth fullwidth-box fusion-builder-row-1 nonhundred-percent-fullwidth non-hundred-percent-height-scrolling\" style=\"background-color: rgba(255,255,255,0);background-position: center center;background-repeat: no-repeat;padding-top:100px;padding-right:120px;padding-bottom:15px;padding-left:120px;margin-bottom: -15px;margin-top: 0px;border-width: 0px 0px 0px 0px;border-color:#eae9e9;border-style:solid;\" ><div class=\"fusion-builder-row fusion-row\"><div class=\"fusion-layout-column fusion_builder_column fusion-builder-column-0 fusion_builder_column_1_1 1_1 fusion-one-full fusion-column-first fusion-column-last\" style=\"margin-top:0px;margin-bottom:20px;\"><div class=\"fusion-column-wrapper fusion-flex-column-wrapper-legacy\" style=\"background-position:left top;background-repeat:no-repeat;-webkit-background-size:cover;-moz-background-size:cover;-o-background-size:cover;background-size:cover;padding: 0px 0px 0px 0px;\"><div class=\"fusion-sep-clear\"><\/div><div class=\"fusion-separator fusion-full-width-sep\" style=\"margin-left: auto;margin-right: auto;width:100%;\"><\/div><div class=\"fusion-sep-clear\"><\/div><div class=\"fusion-clearfix\"><\/div><\/div><\/div><\/div><\/div><div class=\"fusion-bg-parallax\" data-bg-align=\"center center\" data-direction=\"down\" data-mute=\"false\" data-opacity=\"100\" data-velocity=\"-0.1\" data-mobile-enabled=\"true\" data-break_parents=\"0\" data-bg-image=\"https:\/\/centretoussaint.com\/wp-content\/uploads\/2020\/12\/centre-toussaint-privacy-policy-v3.png\" data-bg-repeat=\"false\" ><\/div><div class=\"fusion-fullwidth fullwidth-box fusion-builder-row-2 fusion-parallax-down nonhundred-percent-fullwidth non-hundred-percent-height-scrolling\" style=\"background-color: rgba(255,255,255,0);background-image: url(&quot;https:\/\/centretoussaint.com\/wp-content\/uploads\/2020\/12\/centre-toussaint-privacy-policy-v3.png&quot;);background-position: center center;background-repeat: no-repeat;padding-top:100px;padding-right:120px;padding-bottom:100px;padding-left:120px;margin-bottom: -15px;margin-top: 0px;border-width: 0px 0px 0px 0px;border-color:#eae9e9;border-style:solid;-webkit-background-size:cover;-moz-background-size:cover;-o-background-size:cover;background-size:cover;\" ><div class=\"fusion-builder-row fusion-row\"><div class=\"fusion-layout-column fusion_builder_column fusion-builder-column-1 fusion_builder_column_1_1 1_1 fusion-one-full fusion-column-first fusion-column-last\" style=\"margin-top:0px;margin-bottom:20px;\"><div class=\"fusion-column-wrapper fusion-flex-column-wrapper-legacy\" style=\"background-position:left top;background-repeat:no-repeat;-webkit-background-size:cover;-moz-background-size:cover;-o-background-size:cover;background-size:cover;padding: 0px 0px 0px 0px;\"><div class=\"fusion-sep-clear\"><\/div><div class=\"fusion-separator fusion-full-width-sep\" style=\"margin-left: auto;margin-right: auto;margin-top:200px;margin-bottom:200px;width:100%;\"><\/div><div class=\"fusion-sep-clear\"><\/div><div class=\"fusion-clearfix\"><\/div><\/div><\/div><\/div><\/div><div class=\"fusion-fullwidth fullwidth-box fusion-builder-row-3 nonhundred-percent-fullwidth non-hundred-percent-height-scrolling\" style=\"background-color: #ffffff;background-position: center center;background-repeat: no-repeat;padding-top:-20px;padding-right:0px;padding-bottom:0px;padding-left:0px;margin-bottom: 0px;margin-top: 0px;border-width: 20 0px 0px 0px;border-color:rgba(234,233,233,0);border-style:solid;\" ><div class=\"fusion-builder-row fusion-row\"><div class=\"fusion-layout-column fusion_builder_column fusion-builder-column-2 fusion_builder_column_1_1 1_1 fusion-one-full fusion-column-first fusion-column-last\" style=\"margin-top:0px;margin-bottom:20px;\"><div class=\"fusion-column-wrapper fusion-flex-column-wrapper-legacy\" style=\"background-position:left top;background-repeat:no-repeat;-webkit-background-size:cover;-moz-background-size:cover;-o-background-size:cover;background-size:cover;padding: 0px 10% 0px 10%;\"><div class=\"fusion-text fusion-text-1\"><h2><\/h2>\n<h2 style=\"text-align: center;\"><span style=\"font-size: 180%;\">POLITIK KONFIDANSYALITE<\/span><\/h2>\n<\/div><div class=\"fusion-sep-clear\"><\/div><div class=\"fusion-separator fusion-full-width-sep\" style=\"margin-left: auto;margin-right: auto;margin-bottom:30px;width:100%;\"><div class=\"fusion-separator-border sep-single sep-solid\" style=\"border-color:#333c4e;border-top-width:1px;\"><\/div><\/div><div class=\"fusion-sep-clear\"><\/div><div class=\"fusion-text fusion-text-2\"><p>Centre Toussaint pran angajman pou li respekte vi prive kliyan li yo. Politik konfidansyalite sa bay l\u00e8 jis sou koleksyon done ki f\u00e8t sou sit ent\u00e8n\u00e8t nou an ak itilizasyon done sa yo.<\/p>\n<p>Nan k\u00e8k kote, nou ka mande\u2019w pou ou mete enf\u00f2masyon p\u00e8son\u00e8l ou tankou nimewo telef\u00f2n, adr\u00e8s im\u00e8l, adr\u00e8s kote ou rete, oswa l\u00f2t enf\u00f2masyon ki kons\u00e8ne oumenm selman. Li posib tou pou nou kolekte enf\u00f2masyon demografik tankou laj ou, s\u00e8ks ou idantifye ou, sa ou ap f\u00e8 nan la vi ou, elatriye. An plis de sa, nou ka kontwole itilizasyon sit nou an, pa egzanp, si ou te ale sou paj \"FAQ\" an oubyen paj \"Centre\" lan.<\/p>\n<p>Tout enf\u00f2masyon ke nou kenbe se pou yon amelyorasyon konstan de sit nou an epi tou pou nou f\u00e8 pwomosyon p\u00e8sonalize de s\u00e8vis ak pwodwi nou yo ke ou ka pwobableman bezwen.<\/p>\n<p>Nou itilize s\u00e8vis plizy\u00e8 founis\u00e8 s\u00e8vis p\u00e8yman. Tou depann de met\u00f2d p\u00e8yman ke ou chwazi l\u00e8 ou ap f\u00e8 yon komand, founis\u00e8 s\u00e8vis p\u00e8yman mandate yo responsab pou yo kolekte ak trete done p\u00e8yman an.<\/p>\n<p>Centre Toussaint pap janm pataje okenn enf\u00f2masyon ak yon l\u00f2t sosyete an dey\u00f2 de li, sof si lalwa oblije li f\u00e8 sa, oswa si nou kw\u00e8 ak tout b\u00f2n volonte nou ke sa neses\u00e8 pou nou konf\u00f2me nou ak yon egzijans legal, oswa pou nou konf\u00f2me nou ak yon pwosedi legal pou nou pwoteje dwa Centre Toussaint an oubyen pou nou pwoteje sekirite publik la.<\/p>\n<\/div><div class=\"fusion-clearfix\"><\/div><\/div><\/div><\/div><\/div><\/p>","protected":false},"excerpt":{"rendered":"","protected":false},"author":2,"featured_media":9384,"parent":0,"menu_order":0,"comment_status":"closed","ping_status":"closed","template":"100-width.php","meta":{"footnotes":""},"class_list":["post-9367","page","type-page","status-publish","has-post-thumbnail","hentry"],"yoast_head":"<!-- This site is optimized with the Yoast SEO plugin v26.8 - https:\/\/yoast.com\/product\/yoast-seo-wordpress\/ -->\n<title>Politique de confidentialit\u00e9 | CENTRE TOUSSAINT<\/title>\n<meta name=\"description\" content=\"Le Centre Toussaint s\u2019engage \u00e0 respecter la vie priv\u00e9e de sa client\u00e8le. Cette politique de confidentialit\u00e9 donne l\u2019heure juste.\" \/>\n<meta name=\"robots\" content=\"index, follow, max-snippet:-1, max-image-preview:large, max-video-preview:-1\" \/>\n<link rel=\"canonical\" href=\"https:\/\/centretoussaint.com\/ht\/politique-de-confidentialite\/\" \/>\n<meta property=\"og:locale\" content=\"ht_HT\" \/>\n<meta property=\"og:type\" content=\"article\" \/>\n<meta property=\"og:title\" content=\"Politique de confidentialit\u00e9 | CENTRE TOUSSAINT\" \/>\n<meta property=\"og:description\" content=\"Le Centre Toussaint s\u2019engage \u00e0 respecter la vie priv\u00e9e de sa client\u00e8le. Cette politique de confidentialit\u00e9 donne l\u2019heure juste.\" \/>\n<meta property=\"og:url\" content=\"https:\/\/centretoussaint.com\/ht\/politique-de-confidentialite\/\" \/>\n<meta property=\"og:site_name\" content=\"CENTRE TOUSSAINT\" \/>\n<meta property=\"article:modified_time\" content=\"2021-12-31T08:59:49+00:00\" \/>\n<meta property=\"og:image\" content=\"https:\/\/centretoussaint.com\/wp-content\/uploads\/2020\/12\/centre-toussaint-privacy-policy-v3-1024x683.png\" \/>\n\t<meta property=\"og:image:width\" content=\"1024\" \/>\n\t<meta property=\"og:image:height\" content=\"683\" \/>\n\t<meta property=\"og:image:type\" content=\"image\/png\" \/>\n<meta name=\"twitter:card\" content=\"summary_large_image\" \/>\n<meta name=\"twitter:label1\" content=\"Est. reading time\" \/>\n\t<meta name=\"twitter:data1\" content=\"9 minutes\" \/>\n<script type=\"application\/ld+json\" class=\"yoast-schema-graph\">{\"@context\":\"https:\/\/schema.org\",\"@graph\":[{\"@type\":\"WebPage\",\"@id\":\"https:\/\/centretoussaint.com\/politique-de-confidentialite\/\",\"url\":\"https:\/\/centretoussaint.com\/politique-de-confidentialite\/\",\"name\":\"Politique de confidentialit\u00e9 | CENTRE TOUSSAINT\",\"isPartOf\":{\"@id\":\"https:\/\/centretoussaint.com\/ht\/#website\"},\"primaryImageOfPage\":{\"@id\":\"https:\/\/centretoussaint.com\/politique-de-confidentialite\/#primaryimage\"},\"image\":{\"@id\":\"https:\/\/centretoussaint.com\/politique-de-confidentialite\/#primaryimage\"},\"thumbnailUrl\":\"https:\/\/centretoussaint.com\/wp-content\/uploads\/2020\/12\/centre-toussaint-privacy-policy-v3.png\",\"datePublished\":\"2020-12-15T20:32:18+00:00\",\"dateModified\":\"2021-12-31T08:59:49+00:00\",\"description\":\"Le Centre Toussaint s\u2019engage \u00e0 respecter la vie priv\u00e9e de sa client\u00e8le. Cette politique de confidentialit\u00e9 donne l\u2019heure juste.\",\"breadcrumb\":{\"@id\":\"https:\/\/centretoussaint.com\/politique-de-confidentialite\/#breadcrumb\"},\"inLanguage\":\"ht\",\"potentialAction\":[{\"@type\":\"ReadAction\",\"target\":[\"https:\/\/centretoussaint.com\/politique-de-confidentialite\/\"]}]},{\"@type\":\"ImageObject\",\"inLanguage\":\"ht\",\"@id\":\"https:\/\/centretoussaint.com\/politique-de-confidentialite\/#primaryimage\",\"url\":\"https:\/\/centretoussaint.com\/wp-content\/uploads\/2020\/12\/centre-toussaint-privacy-policy-v3.png\",\"contentUrl\":\"https:\/\/centretoussaint.com\/wp-content\/uploads\/2020\/12\/centre-toussaint-privacy-policy-v3.png\",\"width\":2500,\"height\":1667},{\"@type\":\"BreadcrumbList\",\"@id\":\"https:\/\/centretoussaint.com\/politique-de-confidentialite\/#breadcrumb\",\"itemListElement\":[{\"@type\":\"ListItem\",\"position\":1,\"name\":\"Home\",\"item\":\"https:\/\/centretoussaint.com\/\"},{\"@type\":\"ListItem\",\"position\":2,\"name\":\"Politique de confidentialit\u00e9\"}]},{\"@type\":\"WebSite\",\"@id\":\"https:\/\/centretoussaint.com\/ht\/#website\",\"url\":\"https:\/\/centretoussaint.com\/ht\/\",\"name\":\"CENTRE TOUSSAINT\",\"description\":\"Vivez pleinement\",\"potentialAction\":[{\"@type\":\"SearchAction\",\"target\":{\"@type\":\"EntryPoint\",\"urlTemplate\":\"https:\/\/centretoussaint.com\/ht\/?s={search_term_string}\"},\"query-input\":{\"@type\":\"PropertyValueSpecification\",\"valueRequired\":true,\"valueName\":\"search_term_string\"}}],\"inLanguage\":\"ht\"}]}<\/script>\n<!-- \/ Yoast SEO plugin. -->","yoast_head_json":{"title":"Politik konfidansyalite | CENTRE TOUSSAINT","description":"Centre Toussaint pran angajman pou li respekte vi prive kliyan li yo. Politik konfidansyalite sa bay l\u00e8 jis.","robots":{"index":"index","follow":"follow","max-snippet":"max-snippet:-1","max-image-preview":"max-image-preview:large","max-video-preview":"max-video-preview:-1"},"canonical":"https:\/\/centretoussaint.com\/ht\/politique-de-confidentialite\/","og_locale":"ht_HT","og_type":"article","og_title":"Politique de confidentialit\u00e9 | CENTRE TOUSSAINT","og_description":"Le Centre Toussaint s\u2019engage \u00e0 respecter la vie priv\u00e9e de sa client\u00e8le. Cette politique de confidentialit\u00e9 donne l\u2019heure juste.","og_url":"https:\/\/centretoussaint.com\/ht\/politique-de-confidentialite\/","og_site_name":"CENTRE TOUSSAINT","article_modified_time":"2021-12-31T08:59:49+00:00","og_image":[{"width":1024,"height":683,"url":"https:\/\/centretoussaint.com\/wp-content\/uploads\/2020\/12\/centre-toussaint-privacy-policy-v3-1024x683.png","type":"image\/png"}],"twitter_card":"summary_large_image","twitter_misc":{"Est. reading time":"9 minutes"},"schema":{"@context":"https:\/\/schema.org","@graph":[{"@type":"WebPage","@id":"https:\/\/centretoussaint.com\/politique-de-confidentialite\/","url":"https:\/\/centretoussaint.com\/politique-de-confidentialite\/","name":"Politik konfidansyalite | CENTRE TOUSSAINT","isPartOf":{"@id":"https:\/\/centretoussaint.com\/ht\/#website"},"primaryImageOfPage":{"@id":"https:\/\/centretoussaint.com\/politique-de-confidentialite\/#primaryimage"},"image":{"@id":"https:\/\/centretoussaint.com\/politique-de-confidentialite\/#primaryimage"},"thumbnailUrl":"https:\/\/centretoussaint.com\/wp-content\/uploads\/2020\/12\/centre-toussaint-privacy-policy-v3.png","datePublished":"2020-12-15T20:32:18+00:00","dateModified":"2021-12-31T08:59:49+00:00","description":"Centre Toussaint pran angajman pou li respekte vi prive kliyan li yo. Politik konfidansyalite sa bay l\u00e8 jis.","breadcrumb":{"@id":"https:\/\/centretoussaint.com\/politique-de-confidentialite\/#breadcrumb"},"inLanguage":"ht","potentialAction":[{"@type":"ReadAction","target":["https:\/\/centretoussaint.com\/politique-de-confidentialite\/"]}]},{"@type":"ImageObject","inLanguage":"ht","@id":"https:\/\/centretoussaint.com\/politique-de-confidentialite\/#primaryimage","url":"https:\/\/centretoussaint.com\/wp-content\/uploads\/2020\/12\/centre-toussaint-privacy-policy-v3.png","contentUrl":"https:\/\/centretoussaint.com\/wp-content\/uploads\/2020\/12\/centre-toussaint-privacy-policy-v3.png","width":2500,"height":1667},{"@type":"BreadcrumbList","@id":"https:\/\/centretoussaint.com\/politique-de-confidentialite\/#breadcrumb","itemListElement":[{"@type":"ListItem","position":1,"name":"Home","item":"https:\/\/centretoussaint.com\/"},{"@type":"ListItem","position":2,"name":"Politique de confidentialit\u00e9"}]},{"@type":"WebSite","@id":"https:\/\/centretoussaint.com\/ht\/#website","url":"https:\/\/centretoussaint.com\/ht\/","name":"CENTRE TOUSSAINT","description":"Viv konpl\u00e8tman","potentialAction":[{"@type":"SearchAction","target":{"@type":"EntryPoint","urlTemplate":"https:\/\/centretoussaint.com\/ht\/?s={search_term_string}"},"query-input":{"@type":"PropertyValueSpecification","valueRequired":true,"valueName":"search_term_string"}}],"inLanguage":"ht"}]}},"jetpack_sharing_enabled":true,"_links":{"self":[{"href":"https:\/\/centretoussaint.com\/ht\/wp-json\/wp\/v2\/pages\/9367","targetHints":{"allow":["GET"]}}],"collection":[{"href":"https:\/\/centretoussaint.com\/ht\/wp-json\/wp\/v2\/pages"}],"about":[{"href":"https:\/\/centretoussaint.com\/ht\/wp-json\/wp\/v2\/types\/page"}],"author":[{"embeddable":true,"href":"https:\/\/centretoussaint.com\/ht\/wp-json\/wp\/v2\/users\/2"}],"replies":[{"embeddable":true,"href":"https:\/\/centretoussaint.com\/ht\/wp-json\/wp\/v2\/comments?post=9367"}],"version-history":[{"count":20,"href":"https:\/\/centretoussaint.com\/ht\/wp-json\/wp\/v2\/pages\/9367\/revisions"}],"predecessor-version":[{"id":12112,"href":"https:\/\/centretoussaint.com\/ht\/wp-json\/wp\/v2\/pages\/9367\/revisions\/12112"}],"wp:featuredmedia":[{"embeddable":true,"href":"https:\/\/centretoussaint.com\/ht\/wp-json\/wp\/v2\/media\/9384"}],"wp:attachment":[{"href":"https:\/\/centretoussaint.com\/ht\/wp-json\/wp\/v2\/media?parent=9367"}],"curies":[{"name":"wp","href":"https:\/\/api.w.org\/{rel}","templated":true}]}}