{"id":9367,"date":"2020-12-15T20:32:18","date_gmt":"2020-12-15T20:32:18","guid":{"rendered":"https:\/\/centretoussaint.com\/?page_id=9367"},"modified":"2021-12-31T04:59:49","modified_gmt":"2021-12-31T08:59:49","slug":"politique-de-confidentialite","status":"publish","type":"page","link":"https:\/\/centretoussaint.com\/en\/privacy-policy\/","title":{"rendered":"Confidentiality policy"},"content":{"rendered":"<p><div class=\"fusion-fullwidth fullwidth-box fusion-builder-row-1 nonhundred-percent-fullwidth non-hundred-percent-height-scrolling\" style=\"background-color: rgba(255,255,255,0);background-position: center center;background-repeat: no-repeat;padding-top:100px;padding-right:120px;padding-bottom:15px;padding-left:120px;margin-bottom: -15px;margin-top: 0px;border-width: 0px 0px 0px 0px;border-color:#eae9e9;border-style:solid;\" ><div class=\"fusion-builder-row fusion-row\"><div class=\"fusion-layout-column fusion_builder_column fusion-builder-column-0 fusion_builder_column_1_1 1_1 fusion-one-full fusion-column-first fusion-column-last\" style=\"margin-top:0px;margin-bottom:20px;\"><div class=\"fusion-column-wrapper fusion-flex-column-wrapper-legacy\" style=\"background-position:left top;background-repeat:no-repeat;-webkit-background-size:cover;-moz-background-size:cover;-o-background-size:cover;background-size:cover;padding: 0px 0px 0px 0px;\"><div class=\"fusion-sep-clear\"><\/div><div class=\"fusion-separator fusion-full-width-sep\" style=\"margin-left: auto;margin-right: auto;width:100%;\"><\/div><div class=\"fusion-sep-clear\"><\/div><div class=\"fusion-clearfix\"><\/div><\/div><\/div><\/div><\/div><div class=\"fusion-bg-parallax\" data-bg-align=\"center center\" data-direction=\"down\" data-mute=\"false\" data-opacity=\"100\" data-velocity=\"-0.1\" data-mobile-enabled=\"true\" data-break_parents=\"0\" data-bg-image=\"https:\/\/centretoussaint.com\/wp-content\/uploads\/2020\/12\/centre-toussaint-privacy-policy-v3.png\" data-bg-repeat=\"false\" ><\/div><div class=\"fusion-fullwidth fullwidth-box fusion-builder-row-2 fusion-parallax-down nonhundred-percent-fullwidth non-hundred-percent-height-scrolling\" style=\"background-color: rgba(255,255,255,0);background-image: url(&quot;https:\/\/centretoussaint.com\/wp-content\/uploads\/2020\/12\/centre-toussaint-privacy-policy-v3.png&quot;);background-position: center center;background-repeat: no-repeat;padding-top:100px;padding-right:120px;padding-bottom:100px;padding-left:120px;margin-bottom: -15px;margin-top: 0px;border-width: 0px 0px 0px 0px;border-color:#eae9e9;border-style:solid;-webkit-background-size:cover;-moz-background-size:cover;-o-background-size:cover;background-size:cover;\" ><div class=\"fusion-builder-row fusion-row\"><div class=\"fusion-layout-column fusion_builder_column fusion-builder-column-1 fusion_builder_column_1_1 1_1 fusion-one-full fusion-column-first fusion-column-last\" style=\"margin-top:0px;margin-bottom:20px;\"><div class=\"fusion-column-wrapper fusion-flex-column-wrapper-legacy\" style=\"background-position:left top;background-repeat:no-repeat;-webkit-background-size:cover;-moz-background-size:cover;-o-background-size:cover;background-size:cover;padding: 0px 0px 0px 0px;\"><div class=\"fusion-sep-clear\"><\/div><div class=\"fusion-separator fusion-full-width-sep\" style=\"margin-left: auto;margin-right: auto;margin-top:200px;margin-bottom:200px;width:100%;\"><\/div><div class=\"fusion-sep-clear\"><\/div><div class=\"fusion-clearfix\"><\/div><\/div><\/div><\/div><\/div><div class=\"fusion-fullwidth fullwidth-box fusion-builder-row-3 nonhundred-percent-fullwidth non-hundred-percent-height-scrolling\" style=\"background-color: #ffffff;background-position: center center;background-repeat: no-repeat;padding-top:-20px;padding-right:0px;padding-bottom:0px;padding-left:0px;margin-bottom: 0px;margin-top: 0px;border-width: 20 0px 0px 0px;border-color:rgba(234,233,233,0);border-style:solid;\" ><div class=\"fusion-builder-row fusion-row\"><div class=\"fusion-layout-column fusion_builder_column fusion-builder-column-2 fusion_builder_column_1_1 1_1 fusion-one-full fusion-column-first fusion-column-last\" style=\"margin-top:0px;margin-bottom:20px;\"><div class=\"fusion-column-wrapper fusion-flex-column-wrapper-legacy\" style=\"background-position:left top;background-repeat:no-repeat;-webkit-background-size:cover;-moz-background-size:cover;-o-background-size:cover;background-size:cover;padding: 0px 10% 0px 10%;\"><div class=\"fusion-text fusion-text-1\"><h2><\/h2>\n<h2 style=\"text-align: center;\"><span style=\"font-size: 180%;\">PRIVACY POLICY<\/span><\/h2>\n<\/div><div class=\"fusion-sep-clear\"><\/div><div class=\"fusion-separator fusion-full-width-sep\" style=\"margin-left: auto;margin-right: auto;margin-bottom:30px;width:100%;\"><div class=\"fusion-separator-border sep-single sep-solid\" style=\"border-color:#333c4e;border-top-width:1px;\"><\/div><\/div><div class=\"fusion-sep-clear\"><\/div><div class=\"fusion-text fusion-text-2\"><p>Centre Toussaint is committed to respecting the privacy of its customers. This privacy policy sets the record straight with regards to the collection of data made on our website and its use.<\/p>\n<p>In some particular instances, you may be asked to enter personal information such as your phone number, email address, civic address or any other information. We may need to collect demographic information like your age, what gender you identify with, what you do for a living, etc. We could also monitor your visit to our website, for example, if you have visited the \"FAQ\" page or the \"Centre\" page.<\/p>\n<p>All the information we keep is for the continuous improvement of our site and also to make the personalized promotion of our services and products.<\/p>\n<p>Payment service providers are used. Depending on the payment method you choose when placing your order, the mandated payment service providers are responsible for collecting and processing your payment data.<\/p>\n<p>Centre Toussaint will never share information with third-party companies unless required to do so by law or if it is believed in good faith that such action is necessary to comply with legal requirements or legal process, to\nprotect the rights of the Centre Toussaint or the personal safety of the public.<\/p>\n<\/div><div class=\"fusion-clearfix\"><\/div><\/div><\/div><\/div><\/div><\/p>","protected":false},"excerpt":{"rendered":"","protected":false},"author":2,"featured_media":9384,"parent":0,"menu_order":0,"comment_status":"closed","ping_status":"closed","template":"100-width.php","meta":{"footnotes":""},"class_list":["post-9367","page","type-page","status-publish","has-post-thumbnail","hentry"],"yoast_head":"<!-- This site is optimized with the Yoast SEO plugin v26.8 - https:\/\/yoast.com\/product\/yoast-seo-wordpress\/ -->\n<title>Politique de confidentialit\u00e9 | CENTRE TOUSSAINT<\/title>\n<meta name=\"description\" content=\"Le Centre Toussaint s\u2019engage \u00e0 respecter la vie priv\u00e9e de sa client\u00e8le. Cette politique de confidentialit\u00e9 donne l\u2019heure juste.\" \/>\n<meta name=\"robots\" content=\"index, follow, max-snippet:-1, max-image-preview:large, max-video-preview:-1\" \/>\n<link rel=\"canonical\" href=\"https:\/\/centretoussaint.com\/en\/politique-de-confidentialite\/\" \/>\n<meta property=\"og:locale\" content=\"en_US\" \/>\n<meta property=\"og:type\" content=\"article\" \/>\n<meta property=\"og:title\" content=\"Politique de confidentialit\u00e9 | CENTRE TOUSSAINT\" \/>\n<meta property=\"og:description\" content=\"Le Centre Toussaint s\u2019engage \u00e0 respecter la vie priv\u00e9e de sa client\u00e8le. Cette politique de confidentialit\u00e9 donne l\u2019heure juste.\" \/>\n<meta property=\"og:url\" content=\"https:\/\/centretoussaint.com\/en\/politique-de-confidentialite\/\" \/>\n<meta property=\"og:site_name\" content=\"CENTRE TOUSSAINT\" \/>\n<meta property=\"article:modified_time\" content=\"2021-12-31T08:59:49+00:00\" \/>\n<meta property=\"og:image\" content=\"https:\/\/centretoussaint.com\/wp-content\/uploads\/2020\/12\/centre-toussaint-privacy-policy-v3-1024x683.png\" \/>\n\t<meta property=\"og:image:width\" content=\"1024\" \/>\n\t<meta property=\"og:image:height\" content=\"683\" \/>\n\t<meta property=\"og:image:type\" content=\"image\/png\" \/>\n<meta name=\"twitter:card\" content=\"summary_large_image\" \/>\n<meta name=\"twitter:label1\" content=\"Est. reading time\" \/>\n\t<meta name=\"twitter:data1\" content=\"9 minutes\" \/>\n<script type=\"application\/ld+json\" class=\"yoast-schema-graph\">{\"@context\":\"https:\/\/schema.org\",\"@graph\":[{\"@type\":\"WebPage\",\"@id\":\"https:\/\/centretoussaint.com\/politique-de-confidentialite\/\",\"url\":\"https:\/\/centretoussaint.com\/politique-de-confidentialite\/\",\"name\":\"Politique de confidentialit\u00e9 | CENTRE TOUSSAINT\",\"isPartOf\":{\"@id\":\"https:\/\/centretoussaint.com\/ht\/#website\"},\"primaryImageOfPage\":{\"@id\":\"https:\/\/centretoussaint.com\/politique-de-confidentialite\/#primaryimage\"},\"image\":{\"@id\":\"https:\/\/centretoussaint.com\/politique-de-confidentialite\/#primaryimage\"},\"thumbnailUrl\":\"https:\/\/centretoussaint.com\/wp-content\/uploads\/2020\/12\/centre-toussaint-privacy-policy-v3.png\",\"datePublished\":\"2020-12-15T20:32:18+00:00\",\"dateModified\":\"2021-12-31T08:59:49+00:00\",\"description\":\"Le Centre Toussaint s\u2019engage \u00e0 respecter la vie priv\u00e9e de sa client\u00e8le. Cette politique de confidentialit\u00e9 donne l\u2019heure juste.\",\"breadcrumb\":{\"@id\":\"https:\/\/centretoussaint.com\/politique-de-confidentialite\/#breadcrumb\"},\"inLanguage\":\"en-US\",\"potentialAction\":[{\"@type\":\"ReadAction\",\"target\":[\"https:\/\/centretoussaint.com\/politique-de-confidentialite\/\"]}]},{\"@type\":\"ImageObject\",\"inLanguage\":\"en-US\",\"@id\":\"https:\/\/centretoussaint.com\/politique-de-confidentialite\/#primaryimage\",\"url\":\"https:\/\/centretoussaint.com\/wp-content\/uploads\/2020\/12\/centre-toussaint-privacy-policy-v3.png\",\"contentUrl\":\"https:\/\/centretoussaint.com\/wp-content\/uploads\/2020\/12\/centre-toussaint-privacy-policy-v3.png\",\"width\":2500,\"height\":1667},{\"@type\":\"BreadcrumbList\",\"@id\":\"https:\/\/centretoussaint.com\/politique-de-confidentialite\/#breadcrumb\",\"itemListElement\":[{\"@type\":\"ListItem\",\"position\":1,\"name\":\"Home\",\"item\":\"https:\/\/centretoussaint.com\/\"},{\"@type\":\"ListItem\",\"position\":2,\"name\":\"Politique de confidentialit\u00e9\"}]},{\"@type\":\"WebSite\",\"@id\":\"https:\/\/centretoussaint.com\/ht\/#website\",\"url\":\"https:\/\/centretoussaint.com\/ht\/\",\"name\":\"CENTRE TOUSSAINT\",\"description\":\"Vivez pleinement\",\"potentialAction\":[{\"@type\":\"SearchAction\",\"target\":{\"@type\":\"EntryPoint\",\"urlTemplate\":\"https:\/\/centretoussaint.com\/ht\/?s={search_term_string}\"},\"query-input\":{\"@type\":\"PropertyValueSpecification\",\"valueRequired\":true,\"valueName\":\"search_term_string\"}}],\"inLanguage\":\"en-US\"}]}<\/script>\n<!-- \/ Yoast SEO plugin. -->","yoast_head_json":{"title":"Privacy Policy | CENTRE TOUSSAINT","description":"Centre Toussaint is committed to respecting the privacy of its customers. This privacy policy sets the record straight.","robots":{"index":"index","follow":"follow","max-snippet":"max-snippet:-1","max-image-preview":"max-image-preview:large","max-video-preview":"max-video-preview:-1"},"canonical":"https:\/\/centretoussaint.com\/en\/politique-de-confidentialite\/","og_locale":"en_US","og_type":"article","og_title":"Politique de confidentialit\u00e9 | CENTRE TOUSSAINT","og_description":"Le Centre Toussaint s\u2019engage \u00e0 respecter la vie priv\u00e9e de sa client\u00e8le. Cette politique de confidentialit\u00e9 donne l\u2019heure juste.","og_url":"https:\/\/centretoussaint.com\/en\/politique-de-confidentialite\/","og_site_name":"CENTRE TOUSSAINT","article_modified_time":"2021-12-31T08:59:49+00:00","og_image":[{"width":1024,"height":683,"url":"https:\/\/centretoussaint.com\/wp-content\/uploads\/2020\/12\/centre-toussaint-privacy-policy-v3-1024x683.png","type":"image\/png"}],"twitter_card":"summary_large_image","twitter_misc":{"Est. reading time":"9 minutes"},"schema":{"@context":"https:\/\/schema.org","@graph":[{"@type":"WebPage","@id":"https:\/\/centretoussaint.com\/politique-de-confidentialite\/","url":"https:\/\/centretoussaint.com\/politique-de-confidentialite\/","name":"Privacy Policy | CENTRE TOUSSAINT","isPartOf":{"@id":"https:\/\/centretoussaint.com\/ht\/#website"},"primaryImageOfPage":{"@id":"https:\/\/centretoussaint.com\/politique-de-confidentialite\/#primaryimage"},"image":{"@id":"https:\/\/centretoussaint.com\/politique-de-confidentialite\/#primaryimage"},"thumbnailUrl":"https:\/\/centretoussaint.com\/wp-content\/uploads\/2020\/12\/centre-toussaint-privacy-policy-v3.png","datePublished":"2020-12-15T20:32:18+00:00","dateModified":"2021-12-31T08:59:49+00:00","description":"Centre Toussaint is committed to respecting the privacy of its customers. This privacy policy sets the record straight.","breadcrumb":{"@id":"https:\/\/centretoussaint.com\/politique-de-confidentialite\/#breadcrumb"},"inLanguage":"en-US","potentialAction":[{"@type":"ReadAction","target":["https:\/\/centretoussaint.com\/politique-de-confidentialite\/"]}]},{"@type":"ImageObject","inLanguage":"en-US","@id":"https:\/\/centretoussaint.com\/politique-de-confidentialite\/#primaryimage","url":"https:\/\/centretoussaint.com\/wp-content\/uploads\/2020\/12\/centre-toussaint-privacy-policy-v3.png","contentUrl":"https:\/\/centretoussaint.com\/wp-content\/uploads\/2020\/12\/centre-toussaint-privacy-policy-v3.png","width":2500,"height":1667},{"@type":"BreadcrumbList","@id":"https:\/\/centretoussaint.com\/politique-de-confidentialite\/#breadcrumb","itemListElement":[{"@type":"ListItem","position":1,"name":"Home","item":"https:\/\/centretoussaint.com\/"},{"@type":"ListItem","position":2,"name":"Politique de confidentialit\u00e9"}]},{"@type":"WebSite","@id":"https:\/\/centretoussaint.com\/ht\/#website","url":"https:\/\/centretoussaint.com\/ht\/","name":"CENTRE TOUSSAINT","description":"Live fully","potentialAction":[{"@type":"SearchAction","target":{"@type":"EntryPoint","urlTemplate":"https:\/\/centretoussaint.com\/ht\/?s={search_term_string}"},"query-input":{"@type":"PropertyValueSpecification","valueRequired":true,"valueName":"search_term_string"}}],"inLanguage":"en-US"}]}},"jetpack_sharing_enabled":true,"_links":{"self":[{"href":"https:\/\/centretoussaint.com\/en\/wp-json\/wp\/v2\/pages\/9367","targetHints":{"allow":["GET"]}}],"collection":[{"href":"https:\/\/centretoussaint.com\/en\/wp-json\/wp\/v2\/pages"}],"about":[{"href":"https:\/\/centretoussaint.com\/en\/wp-json\/wp\/v2\/types\/page"}],"author":[{"embeddable":true,"href":"https:\/\/centretoussaint.com\/en\/wp-json\/wp\/v2\/users\/2"}],"replies":[{"embeddable":true,"href":"https:\/\/centretoussaint.com\/en\/wp-json\/wp\/v2\/comments?post=9367"}],"version-history":[{"count":20,"href":"https:\/\/centretoussaint.com\/en\/wp-json\/wp\/v2\/pages\/9367\/revisions"}],"predecessor-version":[{"id":12112,"href":"https:\/\/centretoussaint.com\/en\/wp-json\/wp\/v2\/pages\/9367\/revisions\/12112"}],"wp:featuredmedia":[{"embeddable":true,"href":"https:\/\/centretoussaint.com\/en\/wp-json\/wp\/v2\/media\/9384"}],"wp:attachment":[{"href":"https:\/\/centretoussaint.com\/en\/wp-json\/wp\/v2\/media?parent=9367"}],"curies":[{"name":"wp","href":"https:\/\/api.w.org\/{rel}","templated":true}]}}