{"id":1610,"date":"2019-04-18T03:58:23","date_gmt":"2019-04-18T03:58:23","guid":{"rendered":"http:\/\/centretoussaint.com\/shop\/"},"modified":"2022-01-16T12:33:12","modified_gmt":"2022-01-16T16:33:12","slug":"inscription","status":"publish","type":"page","link":"https:\/\/centretoussaint.com\/en\/registration\/","title":{"rendered":"SHOP"},"content":{"rendered":"<div class=\"fusion-fullwidth fullwidth-box fusion-builder-row-1 nonhundred-percent-fullwidth non-hundred-percent-height-scrolling\" style=\"background-color: rgba(255,255,255,0);background-position: center center;background-repeat: no-repeat;padding-top:-20px;padding-right:0px;padding-bottom:0px;padding-left:0px;margin-bottom: 0px;margin-top: 0px;border-width: 0px 0px 0px 0px;border-color:#eae9e9;border-style:solid;\" ><div class=\"fusion-builder-row fusion-row\"><div class=\"fusion-layout-column fusion_builder_column fusion-builder-column-0 fusion_builder_column_1_1 1_1 fusion-one-full fusion-column-first fusion-column-last\" style=\"margin-top:20px;margin-bottom:20px;\"><div class=\"fusion-column-wrapper fusion-flex-column-wrapper-legacy\" style=\"background-position:left top;background-repeat:no-repeat;-webkit-background-size:cover;-moz-background-size:cover;-o-background-size:cover;background-size:cover;padding: 50px 0px 0px 0px;\"><div class=\"fusion-sep-clear\"><\/div><div class=\"fusion-separator fusion-full-width-sep\" style=\"margin-left: auto;margin-right: auto;margin-top:30px;width:100%;\"><\/div><div class=\"fusion-sep-clear\"><\/div><div class=\"fusion-clearfix\"><\/div><\/div><\/div><\/div><\/div>","protected":false},"excerpt":{"rendered":"","protected":false},"author":2,"featured_media":11683,"parent":0,"menu_order":0,"comment_status":"closed","ping_status":"closed","template":"","meta":{"footnotes":""},"class_list":["post-1610","page","type-page","status-publish","has-post-thumbnail","hentry"],"yoast_head":"<!-- This site is optimized with the Yoast SEO plugin v26.8 - https:\/\/yoast.com\/product\/yoast-seo-wordpress\/ -->\n<title>MAGASINER - CENTRE TOUSSAINT<\/title>\n<meta name=\"description\" content=\"Voir tous les cours et la marchandise. Rajoute \u00e0 ton panier! Inscris-toi maintenant! Places limit\u00e9es. Culture ha\u00eftienne. Vision panafricaine.\" \/>\n<meta name=\"robots\" content=\"index, follow, max-snippet:-1, max-image-preview:large, max-video-preview:-1\" \/>\n<link rel=\"canonical\" href=\"https:\/\/centretoussaint.com\/en\/inscription\/\" \/>\n<meta property=\"og:locale\" content=\"en_US\" \/>\n<meta property=\"og:type\" content=\"article\" \/>\n<meta property=\"og:title\" content=\"MAGASINER - CENTRE TOUSSAINT\" \/>\n<meta property=\"og:description\" content=\"Voir tous les cours et la marchandise. Rajoute \u00e0 ton panier! Inscris-toi maintenant! Places limit\u00e9es. Culture ha\u00eftienne. Vision panafricaine.\" \/>\n<meta property=\"og:url\" content=\"https:\/\/centretoussaint.com\/en\/inscription\/\" \/>\n<meta property=\"og:site_name\" content=\"CENTRE TOUSSAINT\" \/>\n<meta property=\"article:modified_time\" content=\"2022-01-16T16:33:12+00:00\" \/>\n<meta property=\"og:image\" content=\"https:\/\/centretoussaint.com\/wp-content\/uploads\/2021\/10\/inscription-imageeee.png\" \/>\n\t<meta property=\"og:image:width\" content=\"680\" \/>\n\t<meta property=\"og:image:height\" content=\"350\" \/>\n\t<meta property=\"og:image:type\" content=\"image\/png\" \/>\n<meta name=\"twitter:card\" content=\"summary_large_image\" \/>\n<meta name=\"twitter:image\" content=\"https:\/\/centretoussaint.com\/wp-content\/uploads\/2021\/10\/inscription-imageeee.png\" \/>\n<meta name=\"twitter:label1\" content=\"Est. reading time\" \/>\n\t<meta name=\"twitter:data1\" content=\"1 minute\" \/>\n<script type=\"application\/ld+json\" class=\"yoast-schema-graph\">{\"@context\":\"https:\/\/schema.org\",\"@graph\":[{\"@type\":\"WebPage\",\"@id\":\"https:\/\/centretoussaint.com\/inscription\/\",\"url\":\"https:\/\/centretoussaint.com\/inscription\/\",\"name\":\"MAGASINER - CENTRE TOUSSAINT\",\"isPartOf\":{\"@id\":\"https:\/\/centretoussaint.com\/ht\/#website\"},\"primaryImageOfPage\":{\"@id\":\"https:\/\/centretoussaint.com\/inscription\/#primaryimage\"},\"image\":{\"@id\":\"https:\/\/centretoussaint.com\/inscription\/#primaryimage\"},\"thumbnailUrl\":\"https:\/\/centretoussaint.com\/wp-content\/uploads\/2021\/10\/inscription-imageeee.png\",\"datePublished\":\"2019-04-18T03:58:23+00:00\",\"dateModified\":\"2022-01-16T16:33:12+00:00\",\"description\":\"Voir tous les cours et la marchandise. Rajoute \u00e0 ton panier! Inscris-toi maintenant! Places limit\u00e9es. Culture ha\u00eftienne. Vision panafricaine.\",\"breadcrumb\":{\"@id\":\"https:\/\/centretoussaint.com\/inscription\/#breadcrumb\"},\"inLanguage\":\"en-US\",\"potentialAction\":[{\"@type\":\"ReadAction\",\"target\":[\"https:\/\/centretoussaint.com\/inscription\/\"]}]},{\"@type\":\"ImageObject\",\"inLanguage\":\"en-US\",\"@id\":\"https:\/\/centretoussaint.com\/inscription\/#primaryimage\",\"url\":\"https:\/\/centretoussaint.com\/wp-content\/uploads\/2021\/10\/inscription-imageeee.png\",\"contentUrl\":\"https:\/\/centretoussaint.com\/wp-content\/uploads\/2021\/10\/inscription-imageeee.png\",\"width\":680,\"height\":350},{\"@type\":\"BreadcrumbList\",\"@id\":\"https:\/\/centretoussaint.com\/inscription\/#breadcrumb\",\"itemListElement\":[{\"@type\":\"ListItem\",\"position\":1,\"name\":\"Home\",\"item\":\"https:\/\/centretoussaint.com\/\"},{\"@type\":\"ListItem\",\"position\":2,\"name\":\"MAGASINER\"}]},{\"@type\":\"WebSite\",\"@id\":\"https:\/\/centretoussaint.com\/ht\/#website\",\"url\":\"https:\/\/centretoussaint.com\/ht\/\",\"name\":\"CENTRE TOUSSAINT\",\"description\":\"Vivez pleinement\",\"potentialAction\":[{\"@type\":\"SearchAction\",\"target\":{\"@type\":\"EntryPoint\",\"urlTemplate\":\"https:\/\/centretoussaint.com\/ht\/?s={search_term_string}\"},\"query-input\":{\"@type\":\"PropertyValueSpecification\",\"valueRequired\":true,\"valueName\":\"search_term_string\"}}],\"inLanguage\":\"en-US\"}]}<\/script>\n<!-- \/ Yoast SEO plugin. -->","yoast_head_json":{"title":"SHOP - CENTRE TOUSSAINT","description":"Voir tous les cours et la marchandise. Rajoute \u00e0 ton panier! Inscris-toi maintenant! Places limit\u00e9es. Culture ha\u00eftienne. Vision panafricaine.","robots":{"index":"index","follow":"follow","max-snippet":"max-snippet:-1","max-image-preview":"max-image-preview:large","max-video-preview":"max-video-preview:-1"},"canonical":"https:\/\/centretoussaint.com\/en\/inscription\/","og_locale":"en_US","og_type":"article","og_title":"MAGASINER - CENTRE TOUSSAINT","og_description":"Voir tous les cours et la marchandise. Rajoute \u00e0 ton panier! Inscris-toi maintenant! Places limit\u00e9es. Culture ha\u00eftienne. Vision panafricaine.","og_url":"https:\/\/centretoussaint.com\/en\/inscription\/","og_site_name":"CENTRE TOUSSAINT","article_modified_time":"2022-01-16T16:33:12+00:00","og_image":[{"width":680,"height":350,"url":"https:\/\/centretoussaint.com\/wp-content\/uploads\/2021\/10\/inscription-imageeee.png","type":"image\/png"}],"twitter_card":"summary_large_image","twitter_image":"https:\/\/centretoussaint.com\/wp-content\/uploads\/2021\/10\/inscription-imageeee.png","twitter_misc":{"Est. reading time":"1 minute"},"schema":{"@context":"https:\/\/schema.org","@graph":[{"@type":"WebPage","@id":"https:\/\/centretoussaint.com\/inscription\/","url":"https:\/\/centretoussaint.com\/inscription\/","name":"SHOP - CENTRE TOUSSAINT","isPartOf":{"@id":"https:\/\/centretoussaint.com\/ht\/#website"},"primaryImageOfPage":{"@id":"https:\/\/centretoussaint.com\/inscription\/#primaryimage"},"image":{"@id":"https:\/\/centretoussaint.com\/inscription\/#primaryimage"},"thumbnailUrl":"https:\/\/centretoussaint.com\/wp-content\/uploads\/2021\/10\/inscription-imageeee.png","datePublished":"2019-04-18T03:58:23+00:00","dateModified":"2022-01-16T16:33:12+00:00","description":"Voir tous les cours et la marchandise. Rajoute \u00e0 ton panier! Inscris-toi maintenant! Places limit\u00e9es. Culture ha\u00eftienne. Vision panafricaine.","breadcrumb":{"@id":"https:\/\/centretoussaint.com\/inscription\/#breadcrumb"},"inLanguage":"en-US","potentialAction":[{"@type":"ReadAction","target":["https:\/\/centretoussaint.com\/inscription\/"]}]},{"@type":"ImageObject","inLanguage":"en-US","@id":"https:\/\/centretoussaint.com\/inscription\/#primaryimage","url":"https:\/\/centretoussaint.com\/wp-content\/uploads\/2021\/10\/inscription-imageeee.png","contentUrl":"https:\/\/centretoussaint.com\/wp-content\/uploads\/2021\/10\/inscription-imageeee.png","width":680,"height":350},{"@type":"BreadcrumbList","@id":"https:\/\/centretoussaint.com\/inscription\/#breadcrumb","itemListElement":[{"@type":"ListItem","position":1,"name":"Home","item":"https:\/\/centretoussaint.com\/"},{"@type":"ListItem","position":2,"name":"MAGASINER"}]},{"@type":"WebSite","@id":"https:\/\/centretoussaint.com\/ht\/#website","url":"https:\/\/centretoussaint.com\/ht\/","name":"CENTRE TOUSSAINT","description":"Live fully","potentialAction":[{"@type":"SearchAction","target":{"@type":"EntryPoint","urlTemplate":"https:\/\/centretoussaint.com\/ht\/?s={search_term_string}"},"query-input":{"@type":"PropertyValueSpecification","valueRequired":true,"valueName":"search_term_string"}}],"inLanguage":"en-US"}]}},"jetpack_sharing_enabled":true,"_links":{"self":[{"href":"https:\/\/centretoussaint.com\/en\/wp-json\/wp\/v2\/pages\/1610","targetHints":{"allow":["GET"]}}],"collection":[{"href":"https:\/\/centretoussaint.com\/en\/wp-json\/wp\/v2\/pages"}],"about":[{"href":"https:\/\/centretoussaint.com\/en\/wp-json\/wp\/v2\/types\/page"}],"author":[{"embeddable":true,"href":"https:\/\/centretoussaint.com\/en\/wp-json\/wp\/v2\/users\/2"}],"replies":[{"embeddable":true,"href":"https:\/\/centretoussaint.com\/en\/wp-json\/wp\/v2\/comments?post=1610"}],"version-history":[{"count":7,"href":"https:\/\/centretoussaint.com\/en\/wp-json\/wp\/v2\/pages\/1610\/revisions"}],"predecessor-version":[{"id":12144,"href":"https:\/\/centretoussaint.com\/en\/wp-json\/wp\/v2\/pages\/1610\/revisions\/12144"}],"wp:featuredmedia":[{"embeddable":true,"href":"https:\/\/centretoussaint.com\/en\/wp-json\/wp\/v2\/media\/11683"}],"wp:attachment":[{"href":"https:\/\/centretoussaint.com\/en\/wp-json\/wp\/v2\/media?parent=1610"}],"curies":[{"name":"wp","href":"https:\/\/api.w.org\/{rel}","templated":true}]}}