{"id":11005,"date":"2021-06-28T01:21:34","date_gmt":"2021-06-28T05:21:34","guid":{"rendered":"https:\/\/centretoussaint.com\/?page_id=11005"},"modified":"2021-06-28T01:56:57","modified_gmt":"2021-06-28T05:56:57","slug":"nous","status":"publish","type":"page","link":"https:\/\/centretoussaint.com\/en\/us\/","title":{"rendered":"US"},"content":{"rendered":"<p><div class=\"fusion-fullwidth fullwidth-box fusion-builder-row-1 nonhundred-percent-fullwidth non-hundred-percent-height-scrolling\" style=\"background-color: #ffffff;background-position: center center;background-repeat: no-repeat;padding-top:-20px;padding-right:0px;padding-bottom:0px;padding-left:0px;margin-bottom: 0px;margin-top: 0px;border-width: 0px 0px 0px 0px;border-color:#eae9e9;border-style:solid;\" ><div class=\"fusion-builder-row fusion-row\"><div class=\"fusion-layout-column fusion_builder_column fusion-builder-column-0 fusion_builder_column_1_1 1_1 fusion-one-full fusion-column-first fusion-column-last\" style=\"margin-top:0px;margin-bottom:20px;\"><div class=\"fusion-column-wrapper fusion-flex-column-wrapper-legacy\" style=\"background-position:left top;background-repeat:no-repeat;-webkit-background-size:cover;-moz-background-size:cover;-o-background-size:cover;background-size:cover;padding: 0px 0px 0px 0px;\"><div class=\"fusion-sep-clear\"><\/div><div class=\"fusion-separator fusion-full-width-sep\" style=\"margin-left: auto;margin-right: auto;margin-top:30px;margin-bottom:60px;width:100%;\"><\/div><div class=\"fusion-sep-clear\"><\/div><div class=\"fusion-clearfix\"><\/div><\/div><\/div><\/div><\/div><div class=\"fusion-bg-parallax\" data-bg-align=\"center center\" data-direction=\"down\" data-mute=\"false\" data-opacity=\"100\" data-velocity=\"-0.1\" data-mobile-enabled=\"false\" data-break_parents=\"0\" data-bg-image=\"https:\/\/centretoussaint.com\/wp-content\/uploads\/2021\/05\/website-cover-final-photo-scaled.jpg\" data-bg-repeat=\"false\" ><\/div><div class=\"fusion-fullwidth fullwidth-box fusion-builder-row-2 fusion-parallax-down hundred-percent-fullwidth non-hundred-percent-height-scrolling\" style=\"background-color: rgba(255,255,255,0);background-image: url(&quot;https:\/\/centretoussaint.com\/wp-content\/uploads\/2021\/05\/website-cover-final-photo-scaled.jpg&quot;);background-position: center center;background-repeat: no-repeat;padding-top:100px;padding-right:120px;padding-bottom:100px;padding-left:120px;margin-bottom: 0px;margin-top: 0px;border-width: 0px 0px 0px 0px;border-color:#eae9e9;border-style:solid;-webkit-background-size:cover;-moz-background-size:cover;-o-background-size:cover;background-size:cover;\" ><div class=\"fusion-builder-row fusion-row\"><div class=\"fusion-layout-column fusion_builder_column fusion-builder-column-1 fusion_builder_column_1_1 1_1 fusion-one-full fusion-column-first fusion-column-last fusion-column-no-min-height\" style=\"margin-top:0px;margin-bottom:20px;\"><div class=\"fusion-column-wrapper fusion-flex-column-wrapper-legacy\" style=\"background-position:center center;background-repeat:repeat-x;padding: 0px 0px 0px 0px;\"><div class=\"fusion-sep-clear\"><\/div><div class=\"fusion-separator fusion-full-width-sep\" style=\"margin-left: auto;margin-right: auto;margin-top:200px;margin-bottom:200px;width:100%;\"><\/div><div class=\"fusion-sep-clear\"><\/div><div class=\"fusion-clearfix\"><\/div><\/div><\/div><\/div><\/div><div class=\"fusion-fullwidth fullwidth-box fusion-builder-row-3 fusion-flex-container hundred-percent-fullwidth non-hundred-percent-height-scrolling\" style=\"background-color: #f0cc42;background-position: center center;background-repeat: no-repeat;border-width: 0px 0px 0px 0px;border-color:#eae9e9;border-style:solid;\" ><div class=\"fusion-builder-row fusion-row fusion-flex-align-items-center fusion-flex-justify-content-center\" style=\"width:104% !important;max-width:104% !important;margin-left: calc(-4% \/ 2 );margin-right: calc(-4% \/ 2 );\"><div class=\"fusion-layout-column fusion_builder_column fusion-builder-column-2 fusion_builder_column_1_1 1_1 fusion-flex-column fusion-flex-align-self-center\"><div class=\"fusion-column-wrapper fusion-flex-justify-content-center fusion-content-layout-column\" style=\"background-position:left top;background-repeat:no-repeat;-webkit-background-size:cover;-moz-background-size:cover;-o-background-size:cover;background-size:cover;padding: 0px 0px 0px 0px;\"><div class=\"fusion-separator fusion-full-width-sep\" style=\"align-self: center;margin-left: auto;margin-right: auto;margin-top:14px;margin-bottom:14px;width:100%;\"><\/div><div class=\"fusion-text fusion-text-1\"><p style=\"text-align: center;\">Voir tous les memmbre de notre \u00e9quipe.<\/p>\n<\/div><\/div><style type=\"text\/css\">.fusion-body .fusion-builder-column-2{width:100% !important;margin-top : 0px;margin-bottom : 20px;}.fusion-builder-column-2 > .fusion-column-wrapper {padding-top : 0px !important;padding-right : 0px !important;margin-right : 1.92%;padding-bottom : 0px !important;padding-left : 0px !important;margin-left : 1.92%;}@media only screen and (max-width:1024px) {.fusion-body .fusion-builder-column-2{width:100% !important;order : 0;}.fusion-builder-column-2 > .fusion-column-wrapper {margin-right : 1.92%;margin-left : 1.92%;}}@media only screen and (max-width:640px) {.fusion-body .fusion-builder-column-2{width:100% !important;order : 0;}.fusion-builder-column-2 > .fusion-column-wrapper {margin-right : 1.92%;margin-left : 1.92%;}}<\/style><\/div><div class=\"fusion-layout-column fusion_builder_column fusion-builder-column-3 fusion_builder_column_1_4 1_4 fusion-flex-column\"><div class=\"fusion-column-wrapper fusion-flex-justify-content-flex-start fusion-content-layout-column\" style=\"background-position:left top;background-repeat:no-repeat;-webkit-background-size:cover;-moz-background-size:cover;-o-background-size:cover;background-size:cover;padding: 0px 0px 0px 0px;\"><\/div><style type=\"text\/css\">.fusion-body .fusion-builder-column-3{width:25% !important;margin-top : 0px;margin-bottom : 20px;}.fusion-builder-column-3 > .fusion-column-wrapper {padding-top : 0px !important;padding-right : 0px !important;margin-right : 7.68%;padding-bottom : 0px !important;padding-left : 0px !important;margin-left : 7.68%;}@media only screen and (max-width:1024px) {.fusion-body .fusion-builder-column-3{width:100% !important;order : 0;}.fusion-builder-column-3 > .fusion-column-wrapper {margin-right : 1.92%;margin-left : 1.92%;}}@media only screen and (max-width:640px) {.fusion-body .fusion-builder-column-3{width:100% !important;order : 0;}.fusion-builder-column-3 > .fusion-column-wrapper {margin-right : 1.92%;margin-left : 1.92%;}}<\/style><\/div><div class=\"fusion-layout-column fusion_builder_column fusion-builder-column-4 fusion_builder_column_1_4 1_4 fusion-flex-column\"><div class=\"fusion-column-wrapper fusion-flex-justify-content-flex-start fusion-content-layout-column\" style=\"background-position:left top;background-repeat:no-repeat;-webkit-background-size:cover;-moz-background-size:cover;-o-background-size:cover;background-size:cover;padding: -20px 0px 0px 0px;\"><div style=\"text-align:center;\"><style>.fusion-button.button-1{border-color:#000000;border-width:1px 1px 1px 1px;border-radius:1px 1px 1px 1px;background:#ffffff;}.fusion-button.button-1 .fusion-button-text,.fusion-button.button-1 i,.fusion-button.button-1:hover .fusion-button-text,.fusion-button.button-1:hover i,.fusion-button.button-1:focus .fusion-button-text,.fusion-button.button-1:focus i,.fusion-button.button-1:active .fusion-button-text,.fusion-button.button-1:active i{color:#000000;}.fusion-button.button-1:hover,.fusion-button.button-1:active,.fusion-button.button-1:focus{border-color:#000000;border-width:1px 1px 1px 1px;background:#efe1a7;}.fusion-button.button-1 .fusion-button-icon-divider,.fusion-button.button-1:hover .fusion-button-icon-divider,.fusion-button.button-1:active .fusion-button-icon-divider,.fusion-button.button-1:focus .fusion-button-icon-divider{border-color:#000000;}<\/style><a class=\"fusion-button button-flat button-large button-custom button-1 fusion-button-span-yes fusion-animated\" data-animationtype=\"fadeInLeft\" data-animationduration=\"1.3\" data-animationoffset=\"top-into-view\" target=\"_self\" href=\"https:\/\/centretoussaint.com\/en\/nous\/centre\/\"><span class=\"fusion-button-text\">CENTRE<\/span><\/a><\/div><div class=\"fusion-separator fusion-full-width-sep\" style=\"align-self: center;margin-left: auto;margin-right: auto;margin-top:14px;width:100%;\"><\/div><\/div><style type=\"text\/css\">.fusion-body .fusion-builder-column-4{width:25% !important;margin-top : -20px;margin-bottom : 20px;}.fusion-builder-column-4 > .fusion-column-wrapper {padding-top : -20 !important;padding-right : 0px !important;margin-right : 7.68%;padding-bottom : 0px !important;padding-left : 0px !important;margin-left : 7.68%;}@media only screen and (max-width:1024px) {.fusion-body .fusion-builder-column-4{width:100% !important;order : 0;}.fusion-builder-column-4 > .fusion-column-wrapper {margin-right : 1.92%;margin-left : 1.92%;}}@media only screen and (max-width:640px) {.fusion-body .fusion-builder-column-4{width:100% !important;order : 0;}.fusion-builder-column-4 > .fusion-column-wrapper {margin-right : 1.92%;margin-left : 1.92%;}}<\/style><\/div><div class=\"fusion-layout-column fusion_builder_column fusion-builder-column-5 fusion_builder_column_1_4 1_4 fusion-flex-column\"><div class=\"fusion-column-wrapper fusion-flex-justify-content-flex-start fusion-content-layout-column\" style=\"background-position:left top;background-repeat:no-repeat;-webkit-background-size:cover;-moz-background-size:cover;-o-background-size:cover;background-size:cover;padding: -20px 0px 0px 0px;\"><div style=\"text-align:center;\"><style>.fusion-button.button-2{border-color:#000000;border-width:1px 1px 1px 1px;border-radius:1px 1px 1px 1px;background:#ffffff;}.fusion-button.button-2 .fusion-button-text,.fusion-button.button-2 i,.fusion-button.button-2:hover .fusion-button-text,.fusion-button.button-2:hover i,.fusion-button.button-2:focus .fusion-button-text,.fusion-button.button-2:focus i,.fusion-button.button-2:active .fusion-button-text,.fusion-button.button-2:active i{color:#000000;}.fusion-button.button-2:hover,.fusion-button.button-2:active,.fusion-button.button-2:focus{border-color:#000000;border-width:1px 1px 1px 1px;background:#efe1a7;}.fusion-button.button-2 .fusion-button-icon-divider,.fusion-button.button-2:hover .fusion-button-icon-divider,.fusion-button.button-2:active .fusion-button-icon-divider,.fusion-button.button-2:focus .fusion-button-icon-divider{border-color:#000000;}<\/style><a class=\"fusion-button button-flat button-large button-custom button-2 fusion-button-span-yes fusion-animated\" data-animationtype=\"fadeInRight\" data-animationduration=\"1.3\" data-animationoffset=\"top-into-view\" target=\"_self\" href=\"\/en\/nous\/equipe\/\"><span class=\"fusion-button-text\">\u00c9QUIPE ET FONDATRICE<\/span><\/a><\/div><div class=\"fusion-separator fusion-full-width-sep\" style=\"align-self: center;margin-left: auto;margin-right: auto;margin-top:14px;width:100%;\"><\/div><\/div><style type=\"text\/css\">.fusion-body .fusion-builder-column-5{width:25% !important;margin-top : -20px;margin-bottom : 20px;}.fusion-builder-column-5 > .fusion-column-wrapper {padding-top : -20 !important;padding-right : 0px !important;margin-right : 7.68%;padding-bottom : 0px !important;padding-left : 0px !important;margin-left : 7.68%;}@media only screen and (max-width:1024px) {.fusion-body .fusion-builder-column-5{width:100% !important;order : 0;}.fusion-builder-column-5 > .fusion-column-wrapper {margin-right : 1.92%;margin-left : 1.92%;}}@media only screen and (max-width:640px) {.fusion-body .fusion-builder-column-5{width:100% !important;order : 0;}.fusion-builder-column-5 > .fusion-column-wrapper {margin-right : 1.92%;margin-left : 1.92%;}}<\/style><\/div><div class=\"fusion-layout-column fusion_builder_column fusion-builder-column-6 fusion_builder_column_1_4 1_4 fusion-flex-column\"><div class=\"fusion-column-wrapper fusion-flex-justify-content-flex-start fusion-content-layout-column\" style=\"background-position:left top;background-repeat:no-repeat;-webkit-background-size:cover;-moz-background-size:cover;-o-background-size:cover;background-size:cover;padding: 0px 0px 0px 0px;\"><\/div><style type=\"text\/css\">.fusion-body .fusion-builder-column-6{width:25% !important;margin-top : 0px;margin-bottom : 20px;}.fusion-builder-column-6 > .fusion-column-wrapper {padding-top : 0px !important;padding-right : 0px !important;margin-right : 7.68%;padding-bottom : 0px !important;padding-left : 0px !important;margin-left : 7.68%;}@media only screen and (max-width:1024px) {.fusion-body .fusion-builder-column-6{width:100% !important;order : 0;}.fusion-builder-column-6 > .fusion-column-wrapper {margin-right : 1.92%;margin-left : 1.92%;}}@media only screen and (max-width:640px) {.fusion-body .fusion-builder-column-6{width:100% !important;order : 0;}.fusion-builder-column-6 > .fusion-column-wrapper {margin-right : 1.92%;margin-left : 1.92%;}}<\/style><\/div><\/div><style type=\"text\/css\">.fusion-body .fusion-flex-container.fusion-builder-row-3{ padding-top : -20px;margin-top : 0px;padding-right : 0px;padding-bottom : 0px;margin-bottom : 0px;padding-left : 0px;}<\/style><\/div><\/p>","protected":false},"excerpt":{"rendered":"","protected":false},"author":2,"featured_media":0,"parent":0,"menu_order":0,"comment_status":"closed","ping_status":"closed","template":"100-width.php","meta":{"footnotes":""},"class_list":["post-11005","page","type-page","status-publish","hentry"],"yoast_head":"<!-- This site is optimized with the Yoast SEO plugin v26.8 - https:\/\/yoast.com\/product\/yoast-seo-wordpress\/ -->\n<title>COURS ET ACTIVIT\u00c9S DU CENTRE | CENTRE TOUSSAINT<\/title>\n<meta name=\"description\" content=\"Voir nos cours et nos activit\u00e9s courantes. Connexion, \u00e9panouissement &amp; partage.\" \/>\n<meta name=\"robots\" content=\"index, follow, max-snippet:-1, max-image-preview:large, max-video-preview:-1\" \/>\n<link rel=\"canonical\" href=\"https:\/\/centretoussaint.com\/en\/nous\/\" \/>\n<meta property=\"og:locale\" content=\"en_US\" \/>\n<meta property=\"og:type\" content=\"article\" \/>\n<meta property=\"og:title\" content=\"COURS ET ACTIVIT\u00c9S DU CENTRE | CENTRE TOUSSAINT\" \/>\n<meta property=\"og:description\" content=\"Voir nos cours et nos activit\u00e9s courantes. Connexion, \u00e9panouissement &amp; partage.\" \/>\n<meta property=\"og:url\" content=\"https:\/\/centretoussaint.com\/en\/nous\/\" \/>\n<meta property=\"og:site_name\" content=\"CENTRE TOUSSAINT\" \/>\n<meta property=\"article:modified_time\" content=\"2021-06-28T05:56:57+00:00\" \/>\n<meta name=\"twitter:card\" content=\"summary_large_image\" \/>\n<meta name=\"twitter:label1\" content=\"Est. reading time\" \/>\n\t<meta name=\"twitter:data1\" content=\"5 minutes\" \/>\n<script type=\"application\/ld+json\" class=\"yoast-schema-graph\">{\"@context\":\"https:\/\/schema.org\",\"@graph\":[{\"@type\":\"WebPage\",\"@id\":\"https:\/\/centretoussaint.com\/nous\/\",\"url\":\"https:\/\/centretoussaint.com\/nous\/\",\"name\":\"COURS ET ACTIVIT\u00c9S DU CENTRE | CENTRE TOUSSAINT\",\"isPartOf\":{\"@id\":\"https:\/\/centretoussaint.com\/ht\/#website\"},\"datePublished\":\"2021-06-28T05:21:34+00:00\",\"dateModified\":\"2021-06-28T05:56:57+00:00\",\"description\":\"Voir nos cours et nos activit\u00e9s courantes. Connexion, \u00e9panouissement & partage.\",\"breadcrumb\":{\"@id\":\"https:\/\/centretoussaint.com\/nous\/#breadcrumb\"},\"inLanguage\":\"en-US\",\"potentialAction\":[{\"@type\":\"ReadAction\",\"target\":[\"https:\/\/centretoussaint.com\/nous\/\"]}]},{\"@type\":\"BreadcrumbList\",\"@id\":\"https:\/\/centretoussaint.com\/nous\/#breadcrumb\",\"itemListElement\":[{\"@type\":\"ListItem\",\"position\":1,\"name\":\"Home\",\"item\":\"https:\/\/centretoussaint.com\/\"},{\"@type\":\"ListItem\",\"position\":2,\"name\":\"NOUS\"}]},{\"@type\":\"WebSite\",\"@id\":\"https:\/\/centretoussaint.com\/ht\/#website\",\"url\":\"https:\/\/centretoussaint.com\/ht\/\",\"name\":\"CENTRE TOUSSAINT\",\"description\":\"Vivez pleinement\",\"potentialAction\":[{\"@type\":\"SearchAction\",\"target\":{\"@type\":\"EntryPoint\",\"urlTemplate\":\"https:\/\/centretoussaint.com\/ht\/?s={search_term_string}\"},\"query-input\":{\"@type\":\"PropertyValueSpecification\",\"valueRequired\":true,\"valueName\":\"search_term_string\"}}],\"inLanguage\":\"en-US\"}]}<\/script>\n<!-- \/ Yoast SEO plugin. -->","yoast_head_json":{"title":"COURS ET ACTIVIT\u00c9S DU CENTRE | CENTRE TOUSSAINT","description":"Voir nos cours et nos activit\u00e9s courantes. Connexion, \u00e9panouissement & partage.","robots":{"index":"index","follow":"follow","max-snippet":"max-snippet:-1","max-image-preview":"max-image-preview:large","max-video-preview":"max-video-preview:-1"},"canonical":"https:\/\/centretoussaint.com\/en\/nous\/","og_locale":"en_US","og_type":"article","og_title":"COURS ET ACTIVIT\u00c9S DU CENTRE | CENTRE TOUSSAINT","og_description":"Voir nos cours et nos activit\u00e9s courantes. Connexion, \u00e9panouissement & partage.","og_url":"https:\/\/centretoussaint.com\/en\/nous\/","og_site_name":"CENTRE TOUSSAINT","article_modified_time":"2021-06-28T05:56:57+00:00","twitter_card":"summary_large_image","twitter_misc":{"Est. reading time":"5 minutes"},"schema":{"@context":"https:\/\/schema.org","@graph":[{"@type":"WebPage","@id":"https:\/\/centretoussaint.com\/nous\/","url":"https:\/\/centretoussaint.com\/nous\/","name":"COURS ET ACTIVIT\u00c9S DU CENTRE | CENTRE TOUSSAINT","isPartOf":{"@id":"https:\/\/centretoussaint.com\/ht\/#website"},"datePublished":"2021-06-28T05:21:34+00:00","dateModified":"2021-06-28T05:56:57+00:00","description":"Voir nos cours et nos activit\u00e9s courantes. Connexion, \u00e9panouissement & partage.","breadcrumb":{"@id":"https:\/\/centretoussaint.com\/nous\/#breadcrumb"},"inLanguage":"en-US","potentialAction":[{"@type":"ReadAction","target":["https:\/\/centretoussaint.com\/nous\/"]}]},{"@type":"BreadcrumbList","@id":"https:\/\/centretoussaint.com\/nous\/#breadcrumb","itemListElement":[{"@type":"ListItem","position":1,"name":"Home","item":"https:\/\/centretoussaint.com\/"},{"@type":"ListItem","position":2,"name":"NOUS"}]},{"@type":"WebSite","@id":"https:\/\/centretoussaint.com\/ht\/#website","url":"https:\/\/centretoussaint.com\/ht\/","name":"CENTRE TOUSSAINT","description":"Live fully","potentialAction":[{"@type":"SearchAction","target":{"@type":"EntryPoint","urlTemplate":"https:\/\/centretoussaint.com\/ht\/?s={search_term_string}"},"query-input":{"@type":"PropertyValueSpecification","valueRequired":true,"valueName":"search_term_string"}}],"inLanguage":"en-US"}]}},"jetpack_sharing_enabled":true,"_links":{"self":[{"href":"https:\/\/centretoussaint.com\/en\/wp-json\/wp\/v2\/pages\/11005","targetHints":{"allow":["GET"]}}],"collection":[{"href":"https:\/\/centretoussaint.com\/en\/wp-json\/wp\/v2\/pages"}],"about":[{"href":"https:\/\/centretoussaint.com\/en\/wp-json\/wp\/v2\/types\/page"}],"author":[{"embeddable":true,"href":"https:\/\/centretoussaint.com\/en\/wp-json\/wp\/v2\/users\/2"}],"replies":[{"embeddable":true,"href":"https:\/\/centretoussaint.com\/en\/wp-json\/wp\/v2\/comments?post=11005"}],"version-history":[{"count":3,"href":"https:\/\/centretoussaint.com\/en\/wp-json\/wp\/v2\/pages\/11005\/revisions"}],"predecessor-version":[{"id":11016,"href":"https:\/\/centretoussaint.com\/en\/wp-json\/wp\/v2\/pages\/11005\/revisions\/11016"}],"wp:attachment":[{"href":"https:\/\/centretoussaint.com\/en\/wp-json\/wp\/v2\/media?parent=11005"}],"curies":[{"name":"wp","href":"https:\/\/api.w.org\/{rel}","templated":true}]}}